{"id":2976,"date":"2025-08-05T18:14:55","date_gmt":"2025-08-05T16:14:55","guid":{"rendered":"https:\/\/eptisa.com\/politica-de-confidentialitate\/"},"modified":"2025-09-18T22:59:45","modified_gmt":"2025-09-18T20:59:45","slug":"politica-de-confidentialitate","status":"publish","type":"page","link":"https:\/\/www.eptisa.com\/ro\/politica-de-confidentialitate\/","title":{"rendered":"Politica de confiden\u021bialitate"},"content":{"rendered":"\n<p>Protec\u021bia vie\u021bii private \u0219i respectarea reglement\u0103rilor privind protec\u021bia datelor sunt o preocupare deosebit\u0103 pentru EPTISA SERVICIOS DE INGENIER\u00cdA, S.L. (denumit\u0103 \u00een continuare &#8222;EPTISA&#8221;). Din acest motiv \u0219i pentru a oferi transparen\u021b\u0103 \u00een prelucrarea datelor dvs. cu caracter personal, vom explica mai jos modul \u00een care proced\u0103m. <\/p>\n\n<p>Utilizatorul site-ului (www.eptisa.com), denumit \u00een continuare &#8222;site-ul&#8221;, este informat cu privire la prelucrarea datelor furnizate c\u0103tre EPTISA prin intermediul formularelor de contact, al celor generate prin navigarea pe site \u0219i prin orice alte canale viitoare, precum \u0219i al oric\u0103ror comunic\u0103ri de date care pot fi efectuate, toate \u00een scopurile indicate \u00een prezenta politic\u0103.<\/p>\n\n<h2 class=\"wp-block-heading\">Cine este responsabil pentru prelucrarea datelor dumneavoastr\u0103 cu caracter personal?<\/h2>\n\n<figure class=\"wp-block-table\"><table class=\"has-fixed-layout\"><tbody><tr><td><strong>IDENTITATEA OPERATORULUI<\/strong><\/td><td><strong>Eptisa Servicios de Ingenier\u00eda, S.L.<\/strong><\/td><\/tr><tr><td><strong> <\/strong><strong>ADRES\u0102<\/strong><\/td><td><strong>Calle Emilio Mu\u00f1oz, n\u00ba 35-37, C.P.<\/strong><strong>28037, Madrid<\/strong><\/td><\/tr><tr><td><strong>DETALII DE CONTACT<\/strong><\/td><td>dataprotection@eptisa.com<\/td><\/tr><\/tbody><\/table><\/figure>\n\n<h2 class=\"wp-block-heading\">Ce date p\u0103str\u0103m?<\/h2>\n\n<p>EPTISA, prin intermediul acestui portal, ob\u021bine informa\u021bii despre utilizatorii s\u0103i. Datele care sunt p\u0103strate sunt: <\/p>\n\n<ol class=\"wp-block-list\">\n<li>Datele de identificare furnizate \u00een formularul de contact de pe site.<\/li>\n\n\n\n<li>Datele de identificare, academice \u0219i profesionale furnizate prin ofertele de locuri de munc\u0103 publicate \u00een sec\u021biunea &#8222;Oferte de locuri de munc\u0103&#8221;.<\/li>\n\n\n\n<li>\u00cen ce sec\u021biuni ale site-ului intra\u021bi \u0219i, \u00een general, cum s\u0103 accesa\u021bi \u0219i s\u0103 v\u0103 deplasa\u021bi pe site.<\/li>\n\n\n\n<li>Data \u0219i ora acces\u0103rii site-ului.<\/li>\n<\/ol>\n\n<p>Utilizatorul garanteaz\u0103 acurate\u021bea \u0219i veridicitatea datelor cu caracter personal furnizate pe site \u0219i \u00een formularele de contact \u0219i ofertele de locuri de munc\u0103, angaj\u00e2ndu-se s\u0103 le actualizeze \u00een mod corespunz\u0103tor \u0219i s\u0103 informeze EPTISA cu privire la orice modificare care ar putea interveni \u00een acestea.<\/p>\n\n<p>De asemenea, EPTISA poate prelucra datele p\u0103r\u021bilor interesate \u00een alte moduri \u00een afara acestui portal web, cum ar fi \u00een dosarele clien\u021bilor sau ale propriilor angaja\u021bi. Prezenta politic\u0103 informeaz\u0103 toate tipurile de p\u0103r\u021bi interesate cu privire la modul \u00een care EPTISA trateaz\u0103 datele lor. <\/p>\n\n<p>EPTISA este reglementat\u0103, \u00een ceea ce prive\u0219te protec\u021bia datelor cu caracter personal, de regulament, \u00een plus fa\u021b\u0103 de reglement\u0103rile \u0219i normele specifice \u00een vigoare la un moment dat \u00een \u021bara \u00een care este stabilit\u0103 societatea.<\/p>\n\n<h2 class=\"wp-block-heading\">\u00cen ce scopuri prelucr\u0103m datele dumneavoastr\u0103 cu caracter personal \u0219i pe ce baz\u0103 o facem?<\/h2>\n\n<p>EPTISA va prelucra datele pe care ni le furniza\u021bi \u00een timpul navig\u0103rii \u0219i utiliz\u0103rii portalului nostru, precum \u0219i datele colectate prin intermediul formularului corespunz\u0103tor \u0219i, dup\u0103 caz, al formularelor de fidelizare a clien\u021bilor, \u00een urm\u0103toarele scopuri \u0219i cu urm\u0103toarea legitimare:<\/p>\n\n<figure class=\"wp-block-table\"><table class=\"has-fixed-layout\"><tbody><tr><td><strong>Scop<\/strong><\/td><td><strong>Legitimare<\/strong><\/td><\/tr><tr><td><strong>Pentru a r\u0103spunde solicit\u0103rilor sau \u00eentreb\u0103rilor utilizatorilor prin intermediul site-ului EPTISA.<\/strong><\/td><td rowspan=\"4\">  Consim\u021b\u0103m\u00e2ntul dat de utilizator\/partener &#8211; art. 6.1 a) GDPR\u00cen cazul evenimentelor \u00een care exist\u0103 catering \u0219i se pot cere informa\u021bii despre alergeni, consim\u021b\u0103m\u00e2ntul dat de persoana vizat\u0103 &#8211; art. 9.2 a) GDPRPute\u021bi revoca consim\u021b\u0103m\u00e2ntul dat \u00een orice moment, scriind un e-mail la dataprotection@eptisa.com, indic\u00e2nd inten\u021bia dumneavoastr\u0103 de a revoca consim\u021b\u0103m\u00e2ntul dat.<\/td><\/tr><tr><td><strong>Gestiona\u021bi CV-urile celor interesa\u021bi de ofertele de locuri de munc\u0103 publicate pe site.<\/strong><\/td><\/tr><tr><td><strong>s\u0103 v\u0103 \u00eenregistreze \u0219i\/sau s\u0103 v\u0103 gestioneze participarea, dup\u0103 caz, la evenimente \u0219i cursuri de formare.<\/strong><strong> <\/strong><\/td><\/tr><tr><td><strong>Dac\u0103 este cazul, trimiterea de comunic\u0103ri promo\u021bionale \u0219i\/sau comerciale.<\/strong><strong> <\/strong><\/td><\/tr><tr><td><strong>Pentru a v\u0103 oferi o experien\u021b\u0103 de navigare \u0219i de utilizare mai personalizat\u0103 pe site-ul nostru.<\/strong><\/td><td>Urm\u0103rirea intereselor legitime, cu condi\u021bia ca aceste interese s\u0103 nu fie dep\u0103\u0219ite de interesele sau drepturile \u0219i libert\u0103\u021bile fundamentale ale persoanei vizate care necesit\u0103 protec\u021bia datelor cu caracter personal &#8211; art. 6.1 lit. f) din GDPR.<\/td><\/tr><tr><td><strong>Gestionarea datelor semnatarilor de contracte cu societatea.<\/strong><strong> <\/strong><strong>Gestionarea datelor de contact ale persoanelor fizice care furnizeaz\u0103 servicii \u00een cadrul unei persoane juridice.<\/strong><strong> <\/strong><\/td><td>  \u00cendeplinirea contractului semnat cu persoana vizat\u0103 \u0219i satisfacerea intereselor legitime ale societ\u0103\u021bii &#8211; art. 6.1 lit. b) \u0219i 6.1 lit. f) din GDPR.  <\/td><\/tr><tr><td><strong>Trimite\u021bi comunicate de pres\u0103 \u0219i informa\u021bii contactelor media, agen\u021biilor \u0219i revistelor.<\/strong><\/td><td>Urm\u0103rirea intereselor legitime, cu condi\u021bia ca aceste interese s\u0103 nu fie dep\u0103\u0219ite de interesele sau drepturile \u0219i libert\u0103\u021bile fundamentale ale persoanei vizate care necesit\u0103 protec\u021bia datelor cu caracter personal &#8211; art. 6.1 lit. f) din GDPR.  <\/td><\/tr><\/tbody><\/table><\/figure>\n\n<p>\u00cen cazul \u00een care utilizatorul ne comunic\u0103 datele cu caracter personal ale unor ter\u021be p\u0103r\u021bi, EPTISA presupune c\u0103 are legitimitatea necesar\u0103 pentru a face acest lucru.<\/p>\n\n<h2 class=\"wp-block-heading\">C\u00e2t timp vom p\u0103stra datele dumneavoastr\u0103 cu caracter personal?<\/h2>\n\n<p>Datele cu caracter personal furnizate vor fi p\u0103strate pentru perioada de timp determinat\u0103 pe baza urm\u0103toarelor criterii: (i) obliga\u021bia legal\u0103 de conservare; (ii) durata rela\u021biei contractuale \u0219i aten\u021bia acordat\u0103 oric\u0103ror responsabilit\u0103\u021bi derivate din rela\u021bia respectiv\u0103; (iii) solicitarea de \u0219tergere de c\u0103tre partea interesat\u0103 \u00een cazurile corespunz\u0103toare; \u0219i (iv) revocarea consim\u021b\u0103m\u00e2ntului p\u0103r\u021bii interesate \u00een cazurile corespunz\u0103toare.    <\/p>\n\n<p>Entitatea se angajeaz\u0103 s\u0103 prelucreze \u0219i s\u0103 colecteze date cu caracter personal:<\/p>\n\n<ul class=\"wp-block-list\">\n<li>\u00cen mod legal, corect \u0219i transparent,<\/li>\n\n\n\n<li>Adecvate, relevante \u0219i limitate la ceea ce este necesar,<\/li>\n\n\n\n<li>Actualizat cu exactitate,<\/li>\n\n\n\n<li>At\u00e2t timp c\u00e2t este strict necesar.<\/li>\n<\/ul>\n\n<p>Entitatea se angajeaz\u0103, de asemenea, s\u0103 respecte principiile directoare ale confiden\u021bialit\u0103\u021bii prin concep\u021bie \u0219i implicit, precum \u0219i ale responsabilit\u0103\u021bii proactive.<\/p>\n\n<h2 class=\"wp-block-heading\">Cui pot fi divulgate datele dumneavoastr\u0103?<\/h2>\n\n<p>V\u0103 inform\u0103m c\u0103, \u00een cadrul \u00eendeplinirii scopurilor direct legate de func\u021biile noastre legitime de transmi\u021b\u0103tor de informa\u021bii, datele dvs. cu caracter personal pot fi transferate \u0219i\/sau comunicate altor societ\u0103\u021bi care pot fi implicate \u00een gestionarea datelor dvs. cu caracter personal pentru a v\u0103 oferi serviciile Site-ului \u00een cel mai eficient \u0219i sigur mod posibil.<\/p>\n\n<p>De asemenea, datele dumneavoastr\u0103 cu caracter personal pot fi transferate c\u0103tre ter\u021bi care men\u021bin o rela\u021bie de prestare de servicii cu EPTISA \u0219i pentru activitatea c\u0103rora accesul la astfel de informa\u021bii este esen\u021bial: cu titlu de exemplu \u0219i f\u0103r\u0103 limitare, servicii precum g\u0103zduirea de site-uri web, analiza datelor, furnizarea de infrastructur\u0103 \u0219i alte servicii similare.<\/p>\n\n<p>Nu vom transmite datele dvs. cu caracter personal unor ter\u021be p\u0103r\u021bi, cu excep\u021bia cazului \u00een care suntem obliga\u021bi prin lege, de c\u0103tre o autoritate competent\u0103 sau suntem \u00eendrept\u0103\u021bi\u021bi prin lege s\u0103 facem acest lucru.<\/p>\n\n<h2 class=\"wp-block-heading\">Care sunt drepturile dumneavoastr\u0103 \u00een calitate de persoan\u0103 vizat\u0103?<\/h2>\n\n<p>Drepturile pe care utilizatorul sau partea interesat\u0103 le poate exercita sunt cele indicate mai jos (exercitarea acestor drepturi este gratuit\u0103):<\/p>\n\n<figure class=\"wp-block-table\"><table class=\"has-fixed-layout\"><tbody><tr><td><strong>Dreptul persoanei vizate<\/strong><\/td><td><strong>Con\u021binutul dreptului<\/strong><\/td><td><strong>Mijloace de aplicare<\/strong><\/td><\/tr><tr><td><strong>Acces<\/strong><\/td><td>Pute\u021bi ob\u021bine confirmarea faptului c\u0103 EPTISA prelucreaz\u0103 datele dumneavoastr\u0103 cu caracter personal, precum \u0219i s\u0103 consulta\u021bi datele dumneavoastr\u0103 cu caracter personal incluse \u00een fi\u0219ierele entit\u0103\u021bii.<\/td><td rowspan=\"7\">V\u0103 pute\u021bi exercita drepturile trimi\u021b\u00e2nd o cerere scris\u0103 c\u0103tre EPTISA Servicios de Ingenier\u00eda, S.L. Calle Emilio Mu\u00f1oz 35 &#8211; 28037, Madrid &#8211; sau trimi\u021b\u00e2nd un e-mail la adresa dataprotection@eptisa.com, indic\u00e2nd \u00een cerere ce drept dori\u021bi s\u0103 v\u0103 exercita\u021bi<em>. Trebuie s\u0103 re\u021bine\u021bi c\u0103, pentru a v\u0103 exercita drepturile, trebuie s\u0103 anexa\u021bi o copie a c\u0103r\u021bii de identitate sau un alt document care s\u0103 v\u0103 ateste identitatea.<\/em><em>De asemenea, trebuie s\u0103 re\u021bine\u021bi c\u0103 EPTISA va r\u0103spunde la cererea dumneavoastr\u0103 \u00een termenele legale stabilite \u0219i \u021bin\u00e2nd cont de cadrul juridic \u00een vigoare.<\/em><\/td><\/tr><tr><td><strong>Corec\u021bie<\/strong><\/td><td>Ve\u021bi putea s\u0103 v\u0103 modifica\u021bi datele cu caracter personal atunci c\u00e2nd acestea sunt inexacte, precum \u0219i s\u0103 le completa\u021bi pe cele care sunt incomplete.<\/td><\/tr><tr><td><strong>Suprimare<\/strong><\/td><td>Pute\u021bi solicita \u0219tergerea datelor dvs. cu caracter personal atunci c\u00e2nd, printre alte motive, datele nu mai sunt necesare pentru scopurile pentru care au fost colectate.<\/td><\/tr><tr><td><strong>Opozi\u021bie<\/strong><\/td><td>Pute\u021bi solicita ca datele dumneavoastr\u0103 cu caracter personal s\u0103 nu fie prelucrate. EPTISA va \u00eenceta prelucrarea datelor, cu excep\u021bia motivelor legitime relevante sau a exercit\u0103rii sau ap\u0103r\u0103rii unor eventuale preten\u021bii. <\/td><\/tr><tr><td><strong>Limitarea tratamentului<\/strong><\/td><td>Pute\u021bi solicita limitarea prelucr\u0103rii datelor dumneavoastr\u0103 \u00een urm\u0103toarele cazuri:\u00a7 Atunci c\u00e2nd prelucrarea este ilegal\u0103, utilizatorul se opune \u0219tergerii datelor sale \u0219i solicit\u0103 limitarea utiliz\u0103rii acestora;\u00a7 Atunci c\u00e2nd entitatea nu are nevoie s\u0103 prelucreze datele utilizatorului, dar utilizatorul are nevoie de acestea pentru exercitarea sau ap\u0103rarea crean\u021belor;\u00a7 Atunci c\u00e2nd s-a opus prelucr\u0103rii datelor sale pentru \u00eendeplinirea unei misiuni de interes public sau pentru satisfacerea unui interes legitim, \u00een timp ce se verific\u0103 dac\u0103 motivele legitime ale prelucr\u0103rii prevaleaz\u0103 asupra sale.<\/td><\/tr><tr><td><strong>Revocarea consim\u021b\u0103m\u00e2ntului dat<\/strong><\/td><td>V\u0103 pute\u021bi revoca consim\u021b\u0103m\u00e2ntul \u00een orice moment.<\/td><\/tr><tr><td><strong>Portabilitate<\/strong><\/td><td>Pute\u021bi primi, \u00een format electronic, datele cu caracter personal pe care ni le-a\u021bi furnizat, precum \u0219i s\u0103 le transmite\u021bi unei alte entit\u0103\u021bi.<\/td><\/tr><tr><td colspan=\"3\">De asemenea, dac\u0103 considera\u021bi c\u0103 EPTISA nu a prelucrat datele dvs. cu caracter personal \u00een conformitate cu reglement\u0103rile aplicabile, pute\u021bi depune o pl\u00e2ngere la Agen\u021bia spaniol\u0103 pentru protec\u021bia datelor prin intermediul <a href=\"https:\/\/www.aepd.es\/es\">site-ului s\u0103u web<\/a>. Cu toate acestea, v\u0103 rug\u0103m s\u0103 ne contacta\u021bi \u00een prealabil prin canalele indicate, pentru a putea trata mai rapid cererea dumneavoastr\u0103 \u0219i pentru a clarifica orice \u00eendoieli care pot ap\u0103rea. Este o prioritate pentru EPTISA s\u0103 ofere un serviciu de calitate tuturor utilizatorilor s\u0103i.  <\/td><\/tr><\/tbody><\/table><\/figure>\n\n<h2 class=\"wp-block-heading\">Leg\u0103turi cu ter\u021be p\u0103r\u021bi<\/h2>\n\n<p>Politica noastr\u0103 de confiden\u021bialitate nu se aplic\u0103 \u0219i nu suntem responsabili pentru confiden\u021bialitatea, informa\u021biile sau alte practici furnizate de ter\u021bi, inclusiv orice ter\u021bi care pot fi afi\u0219a\u021bi \u00een rezultatele c\u0103ut\u0103rii \u0219i \u00een paginile web accesate din aceast\u0103 aplica\u021bie web. Includerea unui link pe acest site nu implic\u0103 aprobarea de c\u0103tre noi a spa\u021biului web, forumului sau aplica\u021biei legate. <\/p>\n\n<h2 class=\"wp-block-heading\">Legisla\u021bia aplicabil\u0103<\/h2>\n\n<p>Legea aplicabil\u0103 \u00een cazul unui litigiu sau al unui conflict de interpretare a termenilor care alc\u0103tuiesc aceast\u0103 politic\u0103, precum \u0219i \u00een cazul oric\u0103rei \u00eentreb\u0103ri legate de serviciile acestui portal, este legea spaniol\u0103.<\/p>\n\n<p>Entitatea presupune c\u0103 utilizatorul este informat \u0219i accept\u0103 condi\u021biile de mai sus dac\u0103 continu\u0103 s\u0103 navigheze pe portal, dac\u0103 a fost informat de existen\u021ba acestora prin orice mijloace \u00eentr-un prim nivel informativ \u0219i, dup\u0103 caz, dac\u0103 apas\u0103 butonul &#8222;trimit&#8221;, &#8222;accept&#8221; (sau echivalent) aflat pe formularele de colectare a datelor.<\/p>\n\n<p>Dac\u0103 ave\u021bi \u00eendoieli, \u00eentreb\u0103ri sau recomand\u0103ri cu privire la politica noastr\u0103 de confiden\u021bialitate, ne pute\u021bi contacta prin e-mail la urm\u0103toarea adres\u0103: <a href=\"mailto:dataprotection@eptisa.com\">dataprotection@eptisa.com<\/a><\/p>\n","protected":false},"excerpt":{"rendered":"<p>Protec\u021bia vie\u021bii private \u0219i respectarea reglement\u0103rilor privind protec\u021bia datelor sunt o preocupare deosebit\u0103 pentru EPTISA SERVICIOS DE INGENIER\u00cdA, S.L. (denumit\u0103 \u00een continuare &#8222;EPTISA&#8221;). Din acest motiv \u0219i pentru a oferi transparen\u021b\u0103 \u00een prelucrarea datelor dvs. cu caracter personal, vom explica mai jos modul \u00een care proced\u0103m. Utilizatorul site-ului (www.eptisa.com), denumit \u00een continuare &#8222;site-ul&#8221;, este informat [&hellip;]<\/p>\n","protected":false},"author":3,"featured_media":0,"parent":0,"menu_order":0,"comment_status":"closed","ping_status":"closed","template":"","meta":{"_acf_changed":false,"footnotes":""},"class_list":["post-2976","page","type-page","status-publish","hentry"],"acf":[],"yoast_head":"<!-- This site is optimized with the Yoast SEO plugin v27.3 - https:\/\/yoast.com\/product\/yoast-seo-wordpress\/ -->\n<title>Politica de confiden\u021bialitate - Eptisa<\/title>\n<meta name=\"robots\" content=\"index, follow, max-snippet:-1, max-image-preview:large, max-video-preview:-1\" \/>\n<link rel=\"canonical\" href=\"https:\/\/www.eptisa.com\/ro\/politica-de-confidentialitate\/\" \/>\n<meta property=\"og:locale\" content=\"ro_RO\" \/>\n<meta property=\"og:type\" content=\"article\" \/>\n<meta property=\"og:title\" content=\"Politica de confiden\u021bialitate - Eptisa\" \/>\n<meta property=\"og:description\" content=\"Protec\u021bia vie\u021bii private \u0219i respectarea reglement\u0103rilor privind protec\u021bia datelor sunt o preocupare deosebit\u0103 pentru EPTISA SERVICIOS DE INGENIER\u00cdA, S.L. (denumit\u0103 \u00een continuare &#8222;EPTISA&#8221;). Din acest motiv \u0219i pentru a oferi transparen\u021b\u0103 \u00een prelucrarea datelor dvs. cu caracter personal, vom explica mai jos modul \u00een care proced\u0103m. Utilizatorul site-ului (www.eptisa.com), denumit \u00een continuare &#8222;site-ul&#8221;, este informat [&hellip;]\" \/>\n<meta property=\"og:url\" content=\"https:\/\/www.eptisa.com\/ro\/politica-de-confidentialitate\/\" \/>\n<meta property=\"og:site_name\" content=\"Eptisa\" \/>\n<meta property=\"article:modified_time\" content=\"2025-09-18T20:59:45+00:00\" \/>\n<meta name=\"twitter:card\" content=\"summary_large_image\" \/>\n<meta name=\"twitter:label1\" content=\"Timp estimat pentru citire\" \/>\n\t<meta name=\"twitter:data1\" content=\"9 minute\" \/>\n<script type=\"application\/ld+json\" class=\"yoast-schema-graph\">{\"@context\":\"https:\\\/\\\/schema.org\",\"@graph\":[{\"@type\":\"WebPage\",\"@id\":\"https:\\\/\\\/www.eptisa.com\\\/ro\\\/politica-de-confidentialitate\\\/\",\"url\":\"https:\\\/\\\/www.eptisa.com\\\/ro\\\/politica-de-confidentialitate\\\/\",\"name\":\"Politica de confiden\u021bialitate - Eptisa\",\"isPartOf\":{\"@id\":\"https:\\\/\\\/www.eptisa.com\\\/ro\\\/#website\"},\"datePublished\":\"2025-08-05T16:14:55+00:00\",\"dateModified\":\"2025-09-18T20:59:45+00:00\",\"breadcrumb\":{\"@id\":\"https:\\\/\\\/www.eptisa.com\\\/ro\\\/politica-de-confidentialitate\\\/#breadcrumb\"},\"inLanguage\":\"ro-RO\",\"potentialAction\":[{\"@type\":\"ReadAction\",\"target\":[\"https:\\\/\\\/www.eptisa.com\\\/ro\\\/politica-de-confidentialitate\\\/\"]}]},{\"@type\":\"BreadcrumbList\",\"@id\":\"https:\\\/\\\/www.eptisa.com\\\/ro\\\/politica-de-confidentialitate\\\/#breadcrumb\",\"itemListElement\":[{\"@type\":\"ListItem\",\"position\":1,\"name\":\"Home\",\"item\":\"https:\\\/\\\/www.eptisa.com\\\/ro\\\/\"},{\"@type\":\"ListItem\",\"position\":2,\"name\":\"Politica de confiden\u021bialitate\"}]},{\"@type\":\"WebSite\",\"@id\":\"https:\\\/\\\/www.eptisa.com\\\/ro\\\/#website\",\"url\":\"https:\\\/\\\/www.eptisa.com\\\/ro\\\/\",\"name\":\"Eptisa\",\"description\":\"Empresa Multinacional de Ingenier\u00eda\",\"publisher\":{\"@id\":\"https:\\\/\\\/www.eptisa.com\\\/ro\\\/#organization\"},\"potentialAction\":[{\"@type\":\"SearchAction\",\"target\":{\"@type\":\"EntryPoint\",\"urlTemplate\":\"https:\\\/\\\/www.eptisa.com\\\/ro\\\/?s={search_term_string}\"},\"query-input\":{\"@type\":\"PropertyValueSpecification\",\"valueRequired\":true,\"valueName\":\"search_term_string\"}}],\"inLanguage\":\"ro-RO\"},{\"@type\":\"Organization\",\"@id\":\"https:\\\/\\\/www.eptisa.com\\\/ro\\\/#organization\",\"name\":\"Eptisa\",\"url\":\"https:\\\/\\\/www.eptisa.com\\\/ro\\\/\",\"logo\":{\"@type\":\"ImageObject\",\"inLanguage\":\"ro-RO\",\"@id\":\"https:\\\/\\\/www.eptisa.com\\\/ro\\\/#\\\/schema\\\/logo\\\/image\\\/\",\"url\":\"https:\\\/\\\/www.eptisa.com\\\/wp-content\\\/uploads\\\/2025\\\/06\\\/7265704d3382618649eba7d99541ab81042c2245-scaled.png\",\"contentUrl\":\"https:\\\/\\\/www.eptisa.com\\\/wp-content\\\/uploads\\\/2025\\\/06\\\/7265704d3382618649eba7d99541ab81042c2245-scaled.png\",\"width\":2560,\"height\":1067,\"caption\":\"Eptisa\"},\"image\":{\"@id\":\"https:\\\/\\\/www.eptisa.com\\\/ro\\\/#\\\/schema\\\/logo\\\/image\\\/\"}}]}<\/script>\n<!-- \/ Yoast SEO plugin. -->","yoast_head_json":{"title":"Politica de confiden\u021bialitate - Eptisa","robots":{"index":"index","follow":"follow","max-snippet":"max-snippet:-1","max-image-preview":"max-image-preview:large","max-video-preview":"max-video-preview:-1"},"canonical":"https:\/\/www.eptisa.com\/ro\/politica-de-confidentialitate\/","og_locale":"ro_RO","og_type":"article","og_title":"Politica de confiden\u021bialitate - Eptisa","og_description":"Protec\u021bia vie\u021bii private \u0219i respectarea reglement\u0103rilor privind protec\u021bia datelor sunt o preocupare deosebit\u0103 pentru EPTISA SERVICIOS DE INGENIER\u00cdA, S.L. (denumit\u0103 \u00een continuare &#8222;EPTISA&#8221;). Din acest motiv \u0219i pentru a oferi transparen\u021b\u0103 \u00een prelucrarea datelor dvs. cu caracter personal, vom explica mai jos modul \u00een care proced\u0103m. Utilizatorul site-ului (www.eptisa.com), denumit \u00een continuare &#8222;site-ul&#8221;, este informat [&hellip;]","og_url":"https:\/\/www.eptisa.com\/ro\/politica-de-confidentialitate\/","og_site_name":"Eptisa","article_modified_time":"2025-09-18T20:59:45+00:00","twitter_card":"summary_large_image","twitter_misc":{"Timp estimat pentru citire":"9 minute"},"schema":{"@context":"https:\/\/schema.org","@graph":[{"@type":"WebPage","@id":"https:\/\/www.eptisa.com\/ro\/politica-de-confidentialitate\/","url":"https:\/\/www.eptisa.com\/ro\/politica-de-confidentialitate\/","name":"Politica de confiden\u021bialitate - Eptisa","isPartOf":{"@id":"https:\/\/www.eptisa.com\/ro\/#website"},"datePublished":"2025-08-05T16:14:55+00:00","dateModified":"2025-09-18T20:59:45+00:00","breadcrumb":{"@id":"https:\/\/www.eptisa.com\/ro\/politica-de-confidentialitate\/#breadcrumb"},"inLanguage":"ro-RO","potentialAction":[{"@type":"ReadAction","target":["https:\/\/www.eptisa.com\/ro\/politica-de-confidentialitate\/"]}]},{"@type":"BreadcrumbList","@id":"https:\/\/www.eptisa.com\/ro\/politica-de-confidentialitate\/#breadcrumb","itemListElement":[{"@type":"ListItem","position":1,"name":"Home","item":"https:\/\/www.eptisa.com\/ro\/"},{"@type":"ListItem","position":2,"name":"Politica de confiden\u021bialitate"}]},{"@type":"WebSite","@id":"https:\/\/www.eptisa.com\/ro\/#website","url":"https:\/\/www.eptisa.com\/ro\/","name":"Eptisa","description":"Empresa Multinacional de Ingenier\u00eda","publisher":{"@id":"https:\/\/www.eptisa.com\/ro\/#organization"},"potentialAction":[{"@type":"SearchAction","target":{"@type":"EntryPoint","urlTemplate":"https:\/\/www.eptisa.com\/ro\/?s={search_term_string}"},"query-input":{"@type":"PropertyValueSpecification","valueRequired":true,"valueName":"search_term_string"}}],"inLanguage":"ro-RO"},{"@type":"Organization","@id":"https:\/\/www.eptisa.com\/ro\/#organization","name":"Eptisa","url":"https:\/\/www.eptisa.com\/ro\/","logo":{"@type":"ImageObject","inLanguage":"ro-RO","@id":"https:\/\/www.eptisa.com\/ro\/#\/schema\/logo\/image\/","url":"https:\/\/www.eptisa.com\/wp-content\/uploads\/2025\/06\/7265704d3382618649eba7d99541ab81042c2245-scaled.png","contentUrl":"https:\/\/www.eptisa.com\/wp-content\/uploads\/2025\/06\/7265704d3382618649eba7d99541ab81042c2245-scaled.png","width":2560,"height":1067,"caption":"Eptisa"},"image":{"@id":"https:\/\/www.eptisa.com\/ro\/#\/schema\/logo\/image\/"}}]}},"_links":{"self":[{"href":"https:\/\/www.eptisa.com\/ro\/wp-json\/wp\/v2\/pages\/2976","targetHints":{"allow":["GET"]}}],"collection":[{"href":"https:\/\/www.eptisa.com\/ro\/wp-json\/wp\/v2\/pages"}],"about":[{"href":"https:\/\/www.eptisa.com\/ro\/wp-json\/wp\/v2\/types\/page"}],"author":[{"embeddable":true,"href":"https:\/\/www.eptisa.com\/ro\/wp-json\/wp\/v2\/users\/3"}],"replies":[{"embeddable":true,"href":"https:\/\/www.eptisa.com\/ro\/wp-json\/wp\/v2\/comments?post=2976"}],"version-history":[{"count":0,"href":"https:\/\/www.eptisa.com\/ro\/wp-json\/wp\/v2\/pages\/2976\/revisions"}],"wp:attachment":[{"href":"https:\/\/www.eptisa.com\/ro\/wp-json\/wp\/v2\/media?parent=2976"}],"curies":[{"name":"wp","href":"https:\/\/api.w.org\/{rel}","templated":true}]}}